{"id":229,"date":"2025-06-21T09:16:12","date_gmt":"2025-06-21T09:16:12","guid":{"rendered":"https:\/\/elementrix.co\/?page_id=229"},"modified":"2025-11-08T09:31:34","modified_gmt":"2025-11-08T09:31:34","slug":"imprint-2","status":"publish","type":"page","link":"https:\/\/elementrix.co\/en\/imprint-2\/","title":{"rendered":"Imprint"},"content":{"rendered":"<style>.elementor-229 .elementor-element.elementor-element-bbd2e23{--display:flex;--flex-direction:column;--container-widget-width:100%;--container-widget-height:initial;--container-widget-flex-grow:0;--container-widget-align-self:initial;--flex-wrap-mobile:wrap;}.elementor-229 .elementor-element.elementor-element-31a1b69 > .elementor-widget-container{margin:50px 0px 0px 0px;}<\/style>\t\t<div data-elementor-type=\"wp-page\" data-elementor-id=\"229\" class=\"elementor elementor-229\" data-elementor-post-type=\"page\">\n\t\t\t\t<div class=\"elementor-element elementor-element-bbd2e23 e-flex e-con-boxed e-con e-parent\" data-id=\"bbd2e23\" data-element_type=\"container\" data-e-type=\"container\">\n\t\t\t\t\t<div class=\"e-con-inner\">\n\t\t\t\t<div class=\"elementor-element elementor-element-31a1b69 elementor-widget elementor-widget-text-editor\" data-id=\"31a1b69\" data-element_type=\"widget\" data-e-type=\"widget\" data-widget_type=\"text-editor.default\">\n\t\t\t\t<div class=\"elementor-widget-container\">\n\t\t\t\t\t\t\t\t\t<p><strong>Elementrix LLC<\/strong><\/p><p>7901 4th street,<\/p><p>33702 St Petersburg, Florida - USA<\/p><p>office@elementrix.co<\/p><h3>Concern \/ \u201eDirection of the website\u201c<\/h3><p>Information on our services, promotion of the objectives of the area of activity<\/p><h3>Disclaimer<\/h3><p>In view of the technical characteristics of the Internet, no guarantee can be given for the authenticity, accuracy and completeness of the information provided on the Internet. No guarantee is given for the availability or operation of this website and its content.<\/p><p>Any liability for direct, indirect or other damages, irrespective of their causes, arising from the use or non-availability of the data and information on this website is excluded to the extent permitted by law.<\/p><h3>No warning without prior contact<\/h3><p>Should the content of these pages, including sub-pages and links, violate the rights of third parties or statutory provisions, please inform us without cost note. We guarantee that passages that are rightly objected to will be removed or amended immediately without the need for you to seek legal assistance. Any costs incurred by you without prior contact will be rejected and, if necessary, a counterclaim for infringement of the aforementioned provisions will be filed.<\/p><p>The European Commission provides a platform for online dispute resolution (OS). Participation is not mandatory and the operator of this website reserves the right to do so. You can find the platform at https:\/\/webgate.ec.europa.eu\/odr\/<\/p><h3>Note on content, copyright and links<\/h3><p>Insofar as personal designations are only used in the masculine form in the content, they refer to women and men in the same way.<\/p><p>The content of this homepage is protected by copyright. The information is intended for personal use only. Any further use, in particular storage in databases, duplication and any form of commercial use as well as disclosure to third parties - even in part or in revised form - without the consent of the respective organization is prohibited.<\/p><p>Hyperlinks to this website are welcome. Any integration of individual pages of our website into external frames is prohibited.<\/p><h3>Data protection<\/h3><p>The confidentiality and protection of your data and privacy is of the utmost importance to us. That is why we consistently implement the provisions of the EU GDPR. You can find out more about cookies on this website and which data we process, store or pass on when you use this website in the\u00a0<a href=\"https:\/\/zeitgeist.co\/datenschutz\/\">Privacy policy<\/a>.<\/p>\t\t\t\t\t\t\t\t<\/div>\n\t\t\t\t<\/div>\n\t\t\t\t\t<\/div>\n\t\t\t\t<\/div>\n\t\t\t\t<\/div>","protected":false},"excerpt":{"rendered":"<p>Elementrix LLC 7901 4th street, 33702 St Petersburg, Florida \u2013 USA office@elementrix.co Anliegen \/ \u201eRichtung der Website\u201c Information zu unseren Dienstleistungen,\u00a0F\u00f6rderung der Ziele des T\u00e4tigkeitsbereiches Haftungsausschluss Im Hinblick auf die technischen Eigenschaften des Internet kann keine Gew\u00e4hr f\u00fcr die Authentizit\u00e4t, Richtigkeit und Vollst\u00e4ndigkeit der im Internet zur Verf\u00fcgung gestellten Informationen \u00fcbernommen werden. Es wird auch [&hellip;]<\/p>\n","protected":false},"author":1,"featured_media":0,"parent":0,"menu_order":0,"comment_status":"closed","ping_status":"closed","template":"elementor_header_footer","meta":{"_acf_changed":false,"_seopress_robots_primary_cat":"","_seopress_titles_title":"Impressum - Elementor Studios","_seopress_titles_desc":"Das Unternehmen und die Personen hinter Elementor Studios.","_seopress_robots_index":"","footnotes":""},"class_list":["post-229","page","type-page","status-publish","hentry"],"acf":[],"_hostinger_reach_plugin_has_subscription_block":false,"_hostinger_reach_plugin_is_elementor":false,"_links":{"self":[{"href":"https:\/\/elementrix.co\/en\/wp-json\/wp\/v2\/pages\/229","targetHints":{"allow":["GET"]}}],"collection":[{"href":"https:\/\/elementrix.co\/en\/wp-json\/wp\/v2\/pages"}],"about":[{"href":"https:\/\/elementrix.co\/en\/wp-json\/wp\/v2\/types\/page"}],"author":[{"embeddable":true,"href":"https:\/\/elementrix.co\/en\/wp-json\/wp\/v2\/users\/1"}],"replies":[{"embeddable":true,"href":"https:\/\/elementrix.co\/en\/wp-json\/wp\/v2\/comments?post=229"}],"version-history":[{"count":16,"href":"https:\/\/elementrix.co\/en\/wp-json\/wp\/v2\/pages\/229\/revisions"}],"predecessor-version":[{"id":1133,"href":"https:\/\/elementrix.co\/en\/wp-json\/wp\/v2\/pages\/229\/revisions\/1133"}],"wp:attachment":[{"href":"https:\/\/elementrix.co\/en\/wp-json\/wp\/v2\/media?parent=229"}],"curies":[{"name":"wp","href":"https:\/\/api.w.org\/{rel}","templated":true}]}}